{"id":6,"date":"2020-03-25T10:14:43","date_gmt":"2020-03-25T10:14:43","guid":{"rendered":"http:\/\/beta.tosun-bau.de\/?page_id=6"},"modified":"2022-10-26T21:09:15","modified_gmt":"2022-10-26T21:09:15","slug":"home","status":"publish","type":"page","link":"https:\/\/sarbaugmbh.de\/","title":{"rendered":"Home"},"content":{"rendered":"<div class=\"n2-section-smartslider fitvidsignore \" data-ssid=\"2\" tabindex=\"0\" role=\"region\" aria-label=\"Slider\"><div class=\"n2-ss-margin\" style=\"margin: 0px 0px -20px 0px;\"><div id=\"n2-ss-2-align\" class=\"n2-ss-align\"><div class=\"n2-padding\"><div id=\"n2-ss-2\" data-creator=\"Smart Slider 3\" data-responsive=\"auto\" class=\"n2-ss-slider n2-ow n2-has-hover n2notransition  \"><div class=\"n2-ss-slider-wrapper-inside\">\n        <div class=\"n2-ss-slider-1 n2_ss__touch_element n2-ow\">\n            <div class=\"n2-ss-slider-2 n2-ow\">\n                                                <div class=\"n2-ss-slider-3 n2-ow\">\n\n                    <div class=\"n2-ss-slide-backgrounds n2-ow-all\"><div class=\"n2-ss-slide-background\" data-public-id=\"1\" data-mode=\"fill\"><div class=\"n2-ss-slide-background-image\" data-blur=\"0\" data-opacity=\"100\" data-x=\"50\" data-y=\"50\" data-alt=\"\" data-title=\"\"><picture class=\"skip-lazy\" data-skip-lazy=\"1\"><img decoding=\"async\" src=\"\/\/sarbaugmbh.de\/wp-content\/uploads\/2020\/03\/148-o-scaled.jpg\" alt=\"\" title=\"\" loading=\"lazy\" class=\"skip-lazy\" data-skip-lazy=\"1\"><\/picture><\/div><div data-color=\"RGBA(255,255,255,0)\" style=\"background-color: RGBA(255,255,255,0);\" class=\"n2-ss-slide-background-color\"><\/div><\/div><div class=\"n2-ss-slide-background\" data-public-id=\"2\" data-mode=\"fill\" aria-hidden=\"true\"><div class=\"n2-ss-slide-background-image\" data-blur=\"0\" data-opacity=\"100\" data-x=\"50\" data-y=\"50\" data-alt=\"\" data-title=\"\"><picture class=\"skip-lazy\" data-skip-lazy=\"1\"><img decoding=\"async\" src=\"\/\/sarbaugmbh.de\/wp-content\/uploads\/2020\/03\/2289-o-scaled.jpg\" alt=\"\" title=\"\" loading=\"lazy\" class=\"skip-lazy\" data-skip-lazy=\"1\"><\/picture><\/div><div data-color=\"RGBA(255,255,255,0)\" style=\"background-color: RGBA(255,255,255,0);\" class=\"n2-ss-slide-background-color\"><\/div><\/div><div class=\"n2-ss-slide-background\" data-public-id=\"3\" data-mode=\"fill\" aria-hidden=\"true\"><div class=\"n2-ss-slide-background-image\" data-blur=\"0\" data-opacity=\"100\" data-x=\"50\" data-y=\"50\" data-alt=\"\" data-title=\"\"><picture class=\"skip-lazy\" data-skip-lazy=\"1\"><img decoding=\"async\" src=\"\/\/sarbaugmbh.de\/wp-content\/uploads\/2020\/03\/8336o2-scaled.jpg\" alt=\"\" title=\"\" loading=\"lazy\" class=\"skip-lazy\" data-skip-lazy=\"1\"><\/picture><\/div><div data-color=\"RGBA(255,255,255,0)\" style=\"background-color: RGBA(255,255,255,0);\" class=\"n2-ss-slide-background-color\"><\/div><\/div><\/div>                    <div class=\"n2-ss-slider-4 n2-ow\">\n                        <svg xmlns=\"http:\/\/www.w3.org\/2000\/svg\" viewBox=\"0 0 1920 800\" data-related-device=\"desktopPortrait\" class=\"n2-ow n2-ss-preserve-size n2-ss-preserve-size--slider n2-ss-slide-limiter\"><\/svg><div data-first=\"1\" data-slide-duration=\"0\" data-id=\"11\" data-slide-public-id=\"1\" data-title=\"148-o\" class=\"n2-ss-slide n2-ow  n2-ss-slide-11\"><div role=\"note\" class=\"n2-ss-slide--focus\" tabindex=\"-1\">148-o<\/div><div class=\"n2-ss-layers-container n2-ss-slide-limiter n2-ow\"><div class=\"n2-ss-layer n2-ow n-uc-LFtoyG51PCyB\" data-sstype=\"slide\" data-pm=\"default\"><div class=\"n2-ss-layer n2-ow n-uc-WdpSJ9AqPwf6\" data-pm=\"default\" data-sstype=\"content\" data-hasbackground=\"0\"><div class=\"n2-ss-section-main-content n2-ss-layer-with-background n2-ss-layer-content n2-ow n-uc-WdpSJ9AqPwf6-inner\"><div class=\"n2-ss-layer n2-ow n-uc-OtLmSzDa0tEV\" data-pm=\"normal\" data-sstype=\"layer\"><div id=\"n2-ss-2item1\" class=\"n2-font-ee885179f2689adcd8f0a9fa8e69937b-hover n2-style-21c2579579ca629a6d27cca9c082d488-heading   n2-ss-item-content n2-ss-text n2-ow\" style=\"display:block;\">Ob Altbau, Neubau oder Denkmalschutz<\/div><\/div><div class=\"n2-ss-layer n2-ow n-uc-ttm8ioo0AWmj\" data-pm=\"normal\" data-sstype=\"layer\"><div id=\"n2-ss-2item2\" class=\"n2-font-9fcfa04321bd78688cbac90ed702ceee-hover n2-style-1670bd0ca8de73f76ff3c99706833c9d-heading   n2-ss-item-content n2-ss-text n2-ow\" style=\"display:block;\">Wir wissen wie es gemacht wird<\/div><\/div><\/div><\/div><\/div><\/div><\/div><div data-slide-duration=\"0\" data-id=\"8\" data-slide-public-id=\"2\" aria-hidden=\"true\" data-title=\"2289-o\" class=\"n2-ss-slide n2-ow  n2-ss-slide-8\"><div role=\"note\" class=\"n2-ss-slide--focus\" tabindex=\"-1\">2289-o<\/div><div class=\"n2-ss-layers-container n2-ss-slide-limiter n2-ow\"><div class=\"n2-ss-layer n2-ow n-uc-3cRz7jqKRSFE\" data-sstype=\"slide\" data-pm=\"default\"><div class=\"n2-ss-layer n2-ow n-uc-CpBHMtynWiG3\" data-pm=\"default\" data-sstype=\"content\" data-hasbackground=\"0\"><div class=\"n2-ss-section-main-content n2-ss-layer-with-background n2-ss-layer-content n2-ow n-uc-CpBHMtynWiG3-inner\"><div class=\"n2-ss-layer n2-ow n-uc-pLUwUBmNtVs1\" data-pm=\"normal\" data-sstype=\"layer\"><div id=\"n2-ss-2item3\" class=\"n2-font-ee885179f2689adcd8f0a9fa8e69937b-hover n2-style-dde9e5372026bb3cbcbb498d3afc8c39-heading   n2-ss-item-content n2-ss-text n2-ow\" style=\"display:block;\">Ob Altbau, Neubau oder Denkmalschutz<\/div><\/div><div class=\"n2-ss-layer n2-ow n-uc-5sZkxLC05jUG\" data-pm=\"normal\" data-sstype=\"layer\"><div id=\"n2-ss-2item4\" class=\"n2-font-9fcfa04321bd78688cbac90ed702ceee-hover n2-style-f391ae2308715e0803cbb00c4b0e0a3e-heading   n2-ss-item-content n2-ss-text n2-ow\" style=\"display:block;\">Wir wissen wie es gemacht wird<\/div><\/div><\/div><\/div><\/div><\/div><\/div><div data-slide-duration=\"0\" data-id=\"9\" data-slide-public-id=\"3\" aria-hidden=\"true\" data-title=\"8336o2\" class=\"n2-ss-slide n2-ow  n2-ss-slide-9\"><div role=\"note\" class=\"n2-ss-slide--focus\" tabindex=\"-1\">8336o2<\/div><div class=\"n2-ss-layers-container n2-ss-slide-limiter n2-ow\"><div class=\"n2-ss-layer n2-ow n-uc-78GWLqhg97lp\" data-sstype=\"slide\" data-pm=\"default\"><div class=\"n2-ss-layer n2-ow n-uc-Os4zH2bwa2KP\" data-pm=\"default\" data-sstype=\"content\" data-hasbackground=\"0\"><div class=\"n2-ss-section-main-content n2-ss-layer-with-background n2-ss-layer-content n2-ow n-uc-Os4zH2bwa2KP-inner\"><div class=\"n2-ss-layer n2-ow n-uc-bQfPz6WojMHK\" data-pm=\"normal\" data-sstype=\"layer\"><div id=\"n2-ss-2item5\" class=\"n2-font-ee885179f2689adcd8f0a9fa8e69937b-hover n2-style-a0f8d18556887e2c50bca0f4f0aa979a-heading   n2-ss-item-content n2-ss-text n2-ow\" style=\"display:block;\">Ob Altbau, Neubau oder Denkmalschutz<\/div><\/div><div class=\"n2-ss-layer n2-ow n-uc-NpybaDq0l5o6\" data-pm=\"normal\" data-sstype=\"layer\"><div id=\"n2-ss-2item6\" class=\"n2-font-9fcfa04321bd78688cbac90ed702ceee-hover n2-style-74be8942b8ca8ed0b6433d3f38570667-heading   n2-ss-item-content n2-ss-text n2-ow\" style=\"display:block;\">Wir wissen wie es gemacht wird<\/div><\/div><\/div><\/div><\/div><\/div><\/div>                    <\/div>\n\n                                    <\/div>\n            <\/div>\n        <\/div>\n        <div class=\"n2-ss-slider-controls n2-ss-slider-controls-absolute-left-center\"><div style=\"--widget-offset:15px;\" class=\"n2-ss-widget nextend-arrow n2-ow-all nextend-arrow-previous  nextend-arrow-animated-fade\" data-hide-mobileportrait=\"1\" id=\"n2-ss-2-arrow-previous\" role=\"button\" aria-label=\"previous arrow\" tabindex=\"0\"><img loading=\"lazy\" decoding=\"async\" width=\"32\" height=\"32\" class=\"skip-lazy\" data-skip-lazy=\"1\" src=\"data:image\/svg+xml;base64,PHN2ZyB3aWR0aD0iMzIiIGhlaWdodD0iMzIiIHZpZXdCb3g9IjAgMCAzMiAzMiIgeG1sbnM9Imh0dHA6Ly93d3cudzMub3JnLzIwMDAvc3ZnIj4KICAgIDxwYXRoIGQ9Ik0xMS40MzMgMTUuOTkyTDIyLjY5IDUuNzEyYy4zOTMtLjM5LjM5My0xLjAzIDAtMS40Mi0uMzkzLS4zOS0xLjAzLS4zOS0xLjQyMyAwbC0xMS45OCAxMC45NGMtLjIxLjIxLS4zLjQ5LS4yODUuNzYtLjAxNS4yOC4wNzUuNTYuMjg0Ljc3bDExLjk4IDEwLjk0Yy4zOTMuMzkgMS4wMy4zOSAxLjQyNCAwIC4zOTMtLjQuMzkzLTEuMDMgMC0xLjQybC0xMS4yNTctMTAuMjkiCiAgICAgICAgICBmaWxsPSIjZmZmZmZmIiBvcGFjaXR5PSIwLjgiIGZpbGwtcnVsZT0iZXZlbm9kZCIvPgo8L3N2Zz4=\" alt=\"previous arrow\"><\/div><\/div><div class=\"n2-ss-slider-controls n2-ss-slider-controls-absolute-right-center\"><div style=\"--widget-offset:15px;\" class=\"n2-ss-widget nextend-arrow n2-ow-all nextend-arrow-next  nextend-arrow-animated-fade\" data-hide-mobileportrait=\"1\" id=\"n2-ss-2-arrow-next\" role=\"button\" aria-label=\"next arrow\" tabindex=\"0\"><img loading=\"lazy\" decoding=\"async\" width=\"32\" height=\"32\" class=\"skip-lazy\" data-skip-lazy=\"1\" src=\"data:image\/svg+xml;base64,PHN2ZyB3aWR0aD0iMzIiIGhlaWdodD0iMzIiIHZpZXdCb3g9IjAgMCAzMiAzMiIgeG1sbnM9Imh0dHA6Ly93d3cudzMub3JnLzIwMDAvc3ZnIj4KICAgIDxwYXRoIGQ9Ik0xMC43MjIgNC4yOTNjLS4zOTQtLjM5LTEuMDMyLS4zOS0xLjQyNyAwLS4zOTMuMzktLjM5MyAxLjAzIDAgMS40MmwxMS4yODMgMTAuMjgtMTEuMjgzIDEwLjI5Yy0uMzkzLjM5LS4zOTMgMS4wMiAwIDEuNDIuMzk1LjM5IDEuMDMzLjM5IDEuNDI3IDBsMTIuMDA3LTEwLjk0Yy4yMS0uMjEuMy0uNDkuMjg0LS43Ny4wMTQtLjI3LS4wNzYtLjU1LS4yODYtLjc2TDEwLjcyIDQuMjkzeiIKICAgICAgICAgIGZpbGw9IiNmZmZmZmYiIG9wYWNpdHk9IjAuOCIgZmlsbC1ydWxlPSJldmVub2RkIi8+Cjwvc3ZnPg==\" alt=\"next arrow\"><\/div><\/div><\/div><\/div><ss3-loader><\/ss3-loader><\/div><\/div><div class=\"n2_clear\"><\/div><\/div><\/div>\n\n\n<p>&nbsp;<\/p>\n\n\n\n<h2 class=\"has-text-align-center wp-block-heading\"> Expertise aus langj\u00e4hriger Erfahrung <\/h2>\n\n\n\n<div class=\"wp-block-columns is-layout-flex wp-container-core-columns-is-layout-1 wp-block-columns-is-layout-flex\">\n<div class=\"wp-block-column is-layout-flow wp-block-column-is-layout-flow\">\n<p> Die SAR GmbH ist der Spezialist f\u00fcr deutschlandweite Geb\u00e4udesanierung. Unser Unternehmen mit Sitz in Wiesbaden kombiniert Fachwissen, langj\u00e4hrige Erfahrung und Qualit\u00e4tsbewusstsein als Grundlage zur Umsetzung anspruchsvoller Bauprojekte. Wir verstehen uns als full-service Dienstleister, um unseren Kunden die Sicherheit zu bieten, die Sie f\u00fcr Ihr Projekt erwarten. <\/p>\n<\/div>\n\n\n\n<div class=\"wp-block-column is-layout-flow wp-block-column-is-layout-flow\">\n<p> Ob Fassadensanierung, kompletter Umbau, Innenausbau oder Altbausanierung, wir stehen Ihnen als zuverl\u00e4ssiger Partner zur Seite. Unser bundesweites Fachkr\u00e4fte-Netzwerk erlaubt uns komplette Sanierungsprojekte zu begleiten und ein H\u00f6chstma\u00df an Qualit\u00e4t zu garantieren. <\/p>\n<\/div>\n<\/div>\n\n\n\n<h2 class=\"wp-block-heading\">Unsere Leistungen<\/h2>\n\n\n\n<div class=\"wp-block-columns is-layout-flex wp-container-core-columns-is-layout-2 wp-block-columns-is-layout-flex\">\n<div class=\"wp-block-column is-layout-flow wp-block-column-is-layout-flow\" style=\"flex-basis:33.33%\">\n<figure class=\"wp-block-gallery has-nested-images columns-default is-cropped wp-block-gallery-1 is-layout-flex wp-block-gallery-is-layout-flex\">\n<figure class=\"wp-block-image size-large\" id=\"block-73b6e83e-ee26-4e59-9945-05b487a6ee36\"><img decoding=\"async\" src=\"http:\/\/sarbaugmbh.de\/wp-content\/uploads\/2020\/03\/2463445_w-1024x268.jpg\" alt=\"Dieses Bild hat ein leeres Alt-Attribut. Der Dateiname ist 2463445_w-1024x268.jpg\"\/><\/figure>\n<\/figure>\n<\/div>\n\n\n\n<div class=\"wp-block-column is-layout-flow wp-block-column-is-layout-flow\" style=\"flex-basis:66.66%\">\n<p>Ein besonderes Augenmerk bei der Umsetzung unserer Auftr\u00e4ge legen wir vor allem auf die Bed\u00fcrfnisse unserer Kunden. Wir organisieren die Sanierung Ihrer Objekte so, dass Ihr interner Betriebsablauf m\u00f6glichst ohne Einschr\u00e4nkungen fortgesetzt werden kann. So konnten wir viele unserer Bauwerke f\u00fcr sich selbst sprechen lassen.<\/p>\n<\/div>\n<\/div>\n\n\n\n<p id=\"block-bd962d4f-fc04-42a4-b841-37c741615530\">Jahrzehntelange Erfahrung und zahlreiche umgesetzte Projekte bilden den Grundstein unserer heutigen Arbeit. Besonderen Wert legen wir bei der Zusammenarbeit mit unseren Kunden auf Vertrauen durch Qualit\u00e4t, Termintreue und Kostenbewusstsein. Wir wissen, dass ein Geb\u00e4ude etwas sehr wertvolles ist und unsere Kunden darauf vertrauen, dass wir sorgsam damit umgehen. Diesen Grundsatz werden wir bei unserer Arbeit stets als oberste Pr\u00e4misse beachten.<\/p>\n\n\n\n<p id=\"block-2184b007-490f-4f97-93ff-f32f684eb8c1\">Leiter unseres Familienunternehmens ist Mehmet Tosun. Als Kopf unseres Teams, bestehend aus 16 Facharbeitern und 6 weiteren Mitarbeitern, koordiniert er die Arbeitsabl\u00e4ufe und ist direkter Ansprechpartner unserer Kunden und \u00f6ffentlicher Verwaltungen.<\/p>\n\n\n\n<div class=\"wp-block-columns is-layout-flex wp-container-core-columns-is-layout-3 wp-block-columns-is-layout-flex\">\n<div class=\"wp-block-column is-layout-flow wp-block-column-is-layout-flow\" style=\"flex-basis:66.66%\">\n<p>Die Messlatte, die wir als Ma\u00dfstab unserer Arbeit nehmen, m\u00fcssen wir auch an unsere Partner anlegen. Daher sind wir besonders stolz auf unser Netzwerk von Partnerunternehmen, welches sich \u00fcber die Jahre unserer T\u00e4tigkeit in der Baubranche aufgebaut und gefestigt hat. Wir als Familienunternehmen arbeiten ausschlie\u00dflich mit bewehrten Partnern zusammen, die sich unser Vertrauen \u00fcber die letzten Jahre verdient haben.<\/p>\n\n\n\n<p>Ob Altbau oder Neubau wir betreuen unsere Kunden von der Planung der Sanierung bis zur Fertigstellung des gesamten Projektes. W\u00e4hrend allen Projektphasen m\u00f6chten wir unseren Kunden ein Maximum an Flexibilit\u00e4t und Sicherheit geben. Der Dialog zwischen uns und unseren Kunden steht daher stets im Vordergrund.<\/p>\n<\/div>\n\n\n\n<div class=\"wp-block-column is-layout-flow wp-block-column-is-layout-flow\" style=\"flex-basis:33.33%\">\n<figure class=\"wp-block-image alignright size-large\" id=\"block-89189ef7-5503-4a78-8a84-003562859cc3\"><img decoding=\"async\" src=\"http:\/\/sarbaugmbh.de\/wp-content\/uploads\/2020\/03\/11031-1024x512.jpg\" alt=\"Dieses Bild hat ein leeres Alt-Attribut. Der Dateiname ist 11031-1024x512.jpg\"\/><\/figure>\n<\/div>\n<\/div>\n\n\n\n<h2 class=\"wp-block-heading\" id=\"block-f01dc5ac-0874-4997-a517-423eda5a951d\">Kontaktieren Sie uns!<\/h2>\n\n\n\n<p>Sie erreichen uns jederzeit per E-Mail. <br>Wir freuen uns auf Ihre Nachricht!<\/p>\n\n\n\n<h5 class=\"wp-block-heading\">Saarstra\u00dfe 209<br>65199 Wiesbaden<\/h5>\n\n\n\n<h5 class=\"wp-block-heading\">Email: <a href=\"mailto:info@sarbaugmbh.de\">info@sarbaugmbh.de<\/a><\/h5>\n","protected":false},"excerpt":{"rendered":"<p>&nbsp; Expertise aus langj\u00e4hriger Erfahrung Die SAR GmbH ist der Spezialist f\u00fcr deutschlandweite Geb\u00e4udesanierung. Unser Unternehmen mit Sitz in Wiesbaden kombiniert Fachwissen, langj\u00e4hrige Erfahrung und Qualit\u00e4tsbewusstsein als Grundlage zur Umsetzung anspruchsvoller Bauprojekte. Wir verstehen uns als full-service Dienstleister, um unseren Kunden die Sicherheit zu bieten, die Sie f\u00fcr Ihr Projekt erwarten. Ob Fassadensanierung, kompletter Umbau, [&hellip;]<\/p>\n","protected":false},"author":1,"featured_media":0,"parent":0,"menu_order":0,"comment_status":"closed","ping_status":"closed","template":"","meta":{"footnotes":""},"class_list":["post-6","page","type-page","status-publish","hentry","wpbf-post"],"yoast_head":"<!-- This site is optimized with the Yoast SEO plugin v26.8 - https:\/\/yoast.com\/product\/yoast-seo-wordpress\/ -->\n<title>SAR Bau GmbH<\/title>\n<meta name=\"description\" content=\"Wir sind der Spezialist f\u00fcr Geb\u00e4udesanierungen in ganz Deutschland. Ob Fassadensanierung, kompletter Umbau, Innenausbau oder Altbausanierung, wir stehen Ihnen als zuverl\u00e4ssiger Partner zur Seite. Unser bundesweites Fachkr\u00e4fte-Netzwerk erlaubt uns komplette Sanierungsprojekte zu begleiten und ein H\u00f6chstma\u00df an Qualit\u00e4t zu garantieren.\" \/>\n<meta name=\"robots\" content=\"index, follow, max-snippet:-1, max-image-preview:large, max-video-preview:-1\" \/>\n<link rel=\"canonical\" href=\"https:\/\/sarbaugmbh.de\/\" \/>\n<meta property=\"og:locale\" content=\"de_DE\" \/>\n<meta property=\"og:type\" content=\"article\" \/>\n<meta property=\"og:title\" content=\"SAR Bau GmbH\" \/>\n<meta property=\"og:description\" content=\"Wir sind der Spezialist f\u00fcr Geb\u00e4udesanierungen in ganz Deutschland. Ob Fassadensanierung, kompletter Umbau, Innenausbau oder Altbausanierung, wir stehen Ihnen als zuverl\u00e4ssiger Partner zur Seite. Unser bundesweites Fachkr\u00e4fte-Netzwerk erlaubt uns komplette Sanierungsprojekte zu begleiten und ein H\u00f6chstma\u00df an Qualit\u00e4t zu garantieren.\" \/>\n<meta property=\"og:url\" content=\"https:\/\/sarbaugmbh.de\/\" \/>\n<meta property=\"og:site_name\" content=\"SAR GmbH - HOCH UND TIEFBAU\" \/>\n<meta property=\"article:modified_time\" content=\"2022-10-26T21:09:15+00:00\" \/>\n<meta property=\"og:image\" content=\"http:\/\/sarbaugmbh.de\/wp-content\/uploads\/2020\/03\/2463445_w-1024x268.jpg\" \/>\n<meta name=\"twitter:card\" content=\"summary_large_image\" \/>\n<meta name=\"twitter:label1\" content=\"Gesch\u00e4tzte Lesezeit\" \/>\n\t<meta name=\"twitter:data1\" content=\"2\u00a0Minuten\" \/>\n<script type=\"application\/ld+json\" class=\"yoast-schema-graph\">{\"@context\":\"https:\/\/schema.org\",\"@graph\":[{\"@type\":\"WebPage\",\"@id\":\"https:\/\/sarbaugmbh.de\/\",\"url\":\"https:\/\/sarbaugmbh.de\/\",\"name\":\"SAR Bau GmbH\",\"isPartOf\":{\"@id\":\"https:\/\/sarbaugmbh.de\/#website\"},\"primaryImageOfPage\":{\"@id\":\"https:\/\/sarbaugmbh.de\/#primaryimage\"},\"image\":{\"@id\":\"https:\/\/sarbaugmbh.de\/#primaryimage\"},\"thumbnailUrl\":\"http:\/\/sarbaugmbh.de\/wp-content\/uploads\/2020\/03\/2463445_w-1024x268.jpg\",\"datePublished\":\"2020-03-25T10:14:43+00:00\",\"dateModified\":\"2022-10-26T21:09:15+00:00\",\"description\":\"Wir sind der Spezialist f\u00fcr Geb\u00e4udesanierungen in ganz Deutschland. Ob Fassadensanierung, kompletter Umbau, Innenausbau oder Altbausanierung, wir stehen Ihnen als zuverl\u00e4ssiger Partner zur Seite. Unser bundesweites Fachkr\u00e4fte-Netzwerk erlaubt uns komplette Sanierungsprojekte zu begleiten und ein H\u00f6chstma\u00df an Qualit\u00e4t zu garantieren.\",\"breadcrumb\":{\"@id\":\"https:\/\/sarbaugmbh.de\/#breadcrumb\"},\"inLanguage\":\"de\",\"potentialAction\":[{\"@type\":\"ReadAction\",\"target\":[\"https:\/\/sarbaugmbh.de\/\"]}]},{\"@type\":\"ImageObject\",\"inLanguage\":\"de\",\"@id\":\"https:\/\/sarbaugmbh.de\/#primaryimage\",\"url\":\"http:\/\/sarbaugmbh.de\/wp-content\/uploads\/2020\/03\/2463445_w-1024x268.jpg\",\"contentUrl\":\"http:\/\/sarbaugmbh.de\/wp-content\/uploads\/2020\/03\/2463445_w-1024x268.jpg\"},{\"@type\":\"BreadcrumbList\",\"@id\":\"https:\/\/sarbaugmbh.de\/#breadcrumb\",\"itemListElement\":[{\"@type\":\"ListItem\",\"position\":1,\"name\":\"Startseite\",\"item\":\"https:\/\/sarbaugmbh.de\/\"},{\"@type\":\"ListItem\",\"position\":2,\"name\":\"Home\"}]},{\"@type\":\"WebSite\",\"@id\":\"https:\/\/sarbaugmbh.de\/#website\",\"url\":\"https:\/\/sarbaugmbh.de\/\",\"name\":\"SAR GmbH - HOCH UND TIEFBAU\",\"description\":\"\",\"publisher\":{\"@id\":\"https:\/\/sarbaugmbh.de\/#organization\"},\"potentialAction\":[{\"@type\":\"SearchAction\",\"target\":{\"@type\":\"EntryPoint\",\"urlTemplate\":\"https:\/\/sarbaugmbh.de\/?s={search_term_string}\"},\"query-input\":{\"@type\":\"PropertyValueSpecification\",\"valueRequired\":true,\"valueName\":\"search_term_string\"}}],\"inLanguage\":\"de\"},{\"@type\":\"Organization\",\"@id\":\"https:\/\/sarbaugmbh.de\/#organization\",\"name\":\"SAR GmbH - HOCH UND TIEFBAU\",\"url\":\"https:\/\/sarbaugmbh.de\/\",\"logo\":{\"@type\":\"ImageObject\",\"inLanguage\":\"de\",\"@id\":\"https:\/\/sarbaugmbh.de\/#\/schema\/logo\/image\/\",\"url\":\"https:\/\/sarbaugmbh.de\/wp-content\/uploads\/2021\/07\/cropped-sar-gmbh-logo-1.png\",\"contentUrl\":\"https:\/\/sarbaugmbh.de\/wp-content\/uploads\/2021\/07\/cropped-sar-gmbh-logo-1.png\",\"width\":800,\"height\":304,\"caption\":\"SAR GmbH - HOCH UND TIEFBAU\"},\"image\":{\"@id\":\"https:\/\/sarbaugmbh.de\/#\/schema\/logo\/image\/\"}}]}<\/script>\n<!-- \/ Yoast SEO plugin. -->","yoast_head_json":{"title":"SAR Bau GmbH","description":"Wir sind der Spezialist f\u00fcr Geb\u00e4udesanierungen in ganz Deutschland. Ob Fassadensanierung, kompletter Umbau, Innenausbau oder Altbausanierung, wir stehen Ihnen als zuverl\u00e4ssiger Partner zur Seite. Unser bundesweites Fachkr\u00e4fte-Netzwerk erlaubt uns komplette Sanierungsprojekte zu begleiten und ein H\u00f6chstma\u00df an Qualit\u00e4t zu garantieren.","robots":{"index":"index","follow":"follow","max-snippet":"max-snippet:-1","max-image-preview":"max-image-preview:large","max-video-preview":"max-video-preview:-1"},"canonical":"https:\/\/sarbaugmbh.de\/","og_locale":"de_DE","og_type":"article","og_title":"SAR Bau GmbH","og_description":"Wir sind der Spezialist f\u00fcr Geb\u00e4udesanierungen in ganz Deutschland. Ob Fassadensanierung, kompletter Umbau, Innenausbau oder Altbausanierung, wir stehen Ihnen als zuverl\u00e4ssiger Partner zur Seite. Unser bundesweites Fachkr\u00e4fte-Netzwerk erlaubt uns komplette Sanierungsprojekte zu begleiten und ein H\u00f6chstma\u00df an Qualit\u00e4t zu garantieren.","og_url":"https:\/\/sarbaugmbh.de\/","og_site_name":"SAR GmbH - HOCH UND TIEFBAU","article_modified_time":"2022-10-26T21:09:15+00:00","og_image":[{"url":"http:\/\/sarbaugmbh.de\/wp-content\/uploads\/2020\/03\/2463445_w-1024x268.jpg","type":"","width":"","height":""}],"twitter_card":"summary_large_image","twitter_misc":{"Gesch\u00e4tzte Lesezeit":"2\u00a0Minuten"},"schema":{"@context":"https:\/\/schema.org","@graph":[{"@type":"WebPage","@id":"https:\/\/sarbaugmbh.de\/","url":"https:\/\/sarbaugmbh.de\/","name":"SAR Bau GmbH","isPartOf":{"@id":"https:\/\/sarbaugmbh.de\/#website"},"primaryImageOfPage":{"@id":"https:\/\/sarbaugmbh.de\/#primaryimage"},"image":{"@id":"https:\/\/sarbaugmbh.de\/#primaryimage"},"thumbnailUrl":"http:\/\/sarbaugmbh.de\/wp-content\/uploads\/2020\/03\/2463445_w-1024x268.jpg","datePublished":"2020-03-25T10:14:43+00:00","dateModified":"2022-10-26T21:09:15+00:00","description":"Wir sind der Spezialist f\u00fcr Geb\u00e4udesanierungen in ganz Deutschland. Ob Fassadensanierung, kompletter Umbau, Innenausbau oder Altbausanierung, wir stehen Ihnen als zuverl\u00e4ssiger Partner zur Seite. Unser bundesweites Fachkr\u00e4fte-Netzwerk erlaubt uns komplette Sanierungsprojekte zu begleiten und ein H\u00f6chstma\u00df an Qualit\u00e4t zu garantieren.","breadcrumb":{"@id":"https:\/\/sarbaugmbh.de\/#breadcrumb"},"inLanguage":"de","potentialAction":[{"@type":"ReadAction","target":["https:\/\/sarbaugmbh.de\/"]}]},{"@type":"ImageObject","inLanguage":"de","@id":"https:\/\/sarbaugmbh.de\/#primaryimage","url":"http:\/\/sarbaugmbh.de\/wp-content\/uploads\/2020\/03\/2463445_w-1024x268.jpg","contentUrl":"http:\/\/sarbaugmbh.de\/wp-content\/uploads\/2020\/03\/2463445_w-1024x268.jpg"},{"@type":"BreadcrumbList","@id":"https:\/\/sarbaugmbh.de\/#breadcrumb","itemListElement":[{"@type":"ListItem","position":1,"name":"Startseite","item":"https:\/\/sarbaugmbh.de\/"},{"@type":"ListItem","position":2,"name":"Home"}]},{"@type":"WebSite","@id":"https:\/\/sarbaugmbh.de\/#website","url":"https:\/\/sarbaugmbh.de\/","name":"SAR GmbH - HOCH UND TIEFBAU","description":"","publisher":{"@id":"https:\/\/sarbaugmbh.de\/#organization"},"potentialAction":[{"@type":"SearchAction","target":{"@type":"EntryPoint","urlTemplate":"https:\/\/sarbaugmbh.de\/?s={search_term_string}"},"query-input":{"@type":"PropertyValueSpecification","valueRequired":true,"valueName":"search_term_string"}}],"inLanguage":"de"},{"@type":"Organization","@id":"https:\/\/sarbaugmbh.de\/#organization","name":"SAR GmbH - HOCH UND TIEFBAU","url":"https:\/\/sarbaugmbh.de\/","logo":{"@type":"ImageObject","inLanguage":"de","@id":"https:\/\/sarbaugmbh.de\/#\/schema\/logo\/image\/","url":"https:\/\/sarbaugmbh.de\/wp-content\/uploads\/2021\/07\/cropped-sar-gmbh-logo-1.png","contentUrl":"https:\/\/sarbaugmbh.de\/wp-content\/uploads\/2021\/07\/cropped-sar-gmbh-logo-1.png","width":800,"height":304,"caption":"SAR GmbH - HOCH UND TIEFBAU"},"image":{"@id":"https:\/\/sarbaugmbh.de\/#\/schema\/logo\/image\/"}}]}},"_links":{"self":[{"href":"https:\/\/sarbaugmbh.de\/index.php?rest_route=\/wp\/v2\/pages\/6","targetHints":{"allow":["GET"]}}],"collection":[{"href":"https:\/\/sarbaugmbh.de\/index.php?rest_route=\/wp\/v2\/pages"}],"about":[{"href":"https:\/\/sarbaugmbh.de\/index.php?rest_route=\/wp\/v2\/types\/page"}],"author":[{"embeddable":true,"href":"https:\/\/sarbaugmbh.de\/index.php?rest_route=\/wp\/v2\/users\/1"}],"replies":[{"embeddable":true,"href":"https:\/\/sarbaugmbh.de\/index.php?rest_route=%2Fwp%2Fv2%2Fcomments&post=6"}],"version-history":[{"count":21,"href":"https:\/\/sarbaugmbh.de\/index.php?rest_route=\/wp\/v2\/pages\/6\/revisions"}],"predecessor-version":[{"id":239,"href":"https:\/\/sarbaugmbh.de\/index.php?rest_route=\/wp\/v2\/pages\/6\/revisions\/239"}],"wp:attachment":[{"href":"https:\/\/sarbaugmbh.de\/index.php?rest_route=%2Fwp%2Fv2%2Fmedia&parent=6"}],"curies":[{"name":"wp","href":"https:\/\/api.w.org\/{rel}","templated":true}]}}