{"id":68,"date":"2020-03-25T12:19:00","date_gmt":"2020-03-25T12:19:00","guid":{"rendered":"http:\/\/beta.tosun-bau.de\/?page_id=68"},"modified":"2021-10-20T08:17:52","modified_gmt":"2021-10-20T08:17:52","slug":"impressum","status":"publish","type":"page","link":"https:\/\/sarbaugmbh.de\/?page_id=68","title":{"rendered":"Impressum"},"content":{"rendered":"\n<h4 class=\"wp-block-heading\" id=\"u2133-44\">SAR Bau GmbH <\/h4>\n\n\n\n<div class=\"wp-block-group is-layout-flow wp-block-group-is-layout-flow\">\n<p>Saarstra\u00dfe 209<br>65199 Wiesbaden<\/p>\n\n\n\n<p><\/p>\n\n\n\n<p>www.sarbaugmbh.de<br><a href=\"mailto:info@sarbaugmbh.de\">info@sarbaugmbh.de<\/a><\/p>\n\n\n\n<p>Gesch\u00e4ftsf\u00fchrer: Mehmet Tosun<br>HRB 28097 Amtsgericht Wiesbaden <br>St-Nr.: 43 246 60293-11\/8103<br>Ust-IdNr.: DE2983005 <\/p>\n\n\n\n<p>Fotos: depositphotos.com, freepik.com<\/p>\n<\/div>\n\n\n\n<h6 class=\"wp-block-heading\" id=\"u2133-47\">Urheberrecht und Haftungsausschluss:<\/h6>\n\n\n\n<p>Die bereitgestellten Informationen auf dieser Website wurden sorgf\u00e4ltig gepr\u00fcft und werden regelm\u00e4\u00dfig aktualisiert. Es kann jedoch keine Haftung oder Garantie daf\u00fcr \u00fcbernommen werden, dass alle Angaben zu jeder Zeit vollst\u00e4ndig richtig und in letzter Aktualit\u00e4t dargestellt sind.<br> Eine \u00fcber die bestimmungsgem\u00e4\u00dfe Nutzung unser Seiten hinaus gehende Vervielf\u00e4ltigung oder Verwendung darin enthaltener Bilder, Grafiken, Tondokumente, Videosequenzen oder Texte ist ohne ausdr\u00fcckliche vorherige Zustimmung nicht gestattet. <\/p>\n","protected":false},"excerpt":{"rendered":"<p>SAR Bau GmbH Saarstra\u00dfe 20965199 Wiesbaden www.sarbaugmbh.deinfo@sarbaugmbh.de Gesch\u00e4ftsf\u00fchrer: Mehmet TosunHRB 28097 Amtsgericht Wiesbaden St-Nr.: 43 246 60293-11\/8103Ust-IdNr.: DE2983005 Fotos: depositphotos.com, freepik.com Urheberrecht und Haftungsausschluss: Die bereitgestellten Informationen auf dieser Website wurden sorgf\u00e4ltig gepr\u00fcft und werden regelm\u00e4\u00dfig aktualisiert. Es kann jedoch keine Haftung oder Garantie daf\u00fcr \u00fcbernommen werden, dass alle Angaben zu jeder Zeit vollst\u00e4ndig richtig [&hellip;]<\/p>\n","protected":false},"author":1,"featured_media":0,"parent":0,"menu_order":0,"comment_status":"closed","ping_status":"closed","template":"","meta":{"footnotes":""},"class_list":["post-68","page","type-page","status-publish","hentry","wpbf-post"],"yoast_head":"<!-- This site is optimized with the Yoast SEO plugin v26.8 - https:\/\/yoast.com\/product\/yoast-seo-wordpress\/ -->\n<title>Impressum - SAR Bau GmbH<\/title>\n<meta name=\"description\" content=\"Gesch\u00e4ftsf\u00fchrer Mehmet Tosun. SAR Bau GmbH - Saarstra\u00dfe 209 - 65199 Wiesbaden\" \/>\n<meta name=\"robots\" content=\"index, follow, max-snippet:-1, max-image-preview:large, max-video-preview:-1\" \/>\n<link rel=\"canonical\" href=\"https:\/\/sarbaugmbh.de\/?page_id=68\" \/>\n<meta property=\"og:locale\" content=\"de_DE\" \/>\n<meta property=\"og:type\" content=\"article\" \/>\n<meta property=\"og:title\" content=\"Impressum - SAR Bau GmbH\" \/>\n<meta property=\"og:description\" content=\"Gesch\u00e4ftsf\u00fchrer Mehmet Tosun. SAR Bau GmbH - Saarstra\u00dfe 209 - 65199 Wiesbaden\" \/>\n<meta property=\"og:url\" content=\"https:\/\/sarbaugmbh.de\/?page_id=68\" \/>\n<meta property=\"og:site_name\" content=\"SAR GmbH - HOCH UND TIEFBAU\" \/>\n<meta property=\"article:modified_time\" content=\"2021-10-20T08:17:52+00:00\" \/>\n<meta name=\"twitter:card\" content=\"summary_large_image\" \/>\n<meta name=\"twitter:label1\" content=\"Gesch\u00e4tzte Lesezeit\" \/>\n\t<meta name=\"twitter:data1\" content=\"1\u00a0Minute\" \/>\n<script type=\"application\/ld+json\" class=\"yoast-schema-graph\">{\"@context\":\"https:\/\/schema.org\",\"@graph\":[{\"@type\":\"WebPage\",\"@id\":\"https:\/\/sarbaugmbh.de\/?page_id=68\",\"url\":\"https:\/\/sarbaugmbh.de\/?page_id=68\",\"name\":\"Impressum - SAR Bau GmbH\",\"isPartOf\":{\"@id\":\"https:\/\/sarbaugmbh.de\/#website\"},\"datePublished\":\"2020-03-25T12:19:00+00:00\",\"dateModified\":\"2021-10-20T08:17:52+00:00\",\"description\":\"Gesch\u00e4ftsf\u00fchrer Mehmet Tosun. SAR Bau GmbH - Saarstra\u00dfe 209 - 65199 Wiesbaden\",\"breadcrumb\":{\"@id\":\"https:\/\/sarbaugmbh.de\/?page_id=68#breadcrumb\"},\"inLanguage\":\"de\",\"potentialAction\":[{\"@type\":\"ReadAction\",\"target\":[\"https:\/\/sarbaugmbh.de\/?page_id=68\"]}]},{\"@type\":\"BreadcrumbList\",\"@id\":\"https:\/\/sarbaugmbh.de\/?page_id=68#breadcrumb\",\"itemListElement\":[{\"@type\":\"ListItem\",\"position\":1,\"name\":\"Startseite\",\"item\":\"https:\/\/sarbaugmbh.de\/\"},{\"@type\":\"ListItem\",\"position\":2,\"name\":\"Impressum\"}]},{\"@type\":\"WebSite\",\"@id\":\"https:\/\/sarbaugmbh.de\/#website\",\"url\":\"https:\/\/sarbaugmbh.de\/\",\"name\":\"SAR GmbH - HOCH UND TIEFBAU\",\"description\":\"\",\"publisher\":{\"@id\":\"https:\/\/sarbaugmbh.de\/#organization\"},\"potentialAction\":[{\"@type\":\"SearchAction\",\"target\":{\"@type\":\"EntryPoint\",\"urlTemplate\":\"https:\/\/sarbaugmbh.de\/?s={search_term_string}\"},\"query-input\":{\"@type\":\"PropertyValueSpecification\",\"valueRequired\":true,\"valueName\":\"search_term_string\"}}],\"inLanguage\":\"de\"},{\"@type\":\"Organization\",\"@id\":\"https:\/\/sarbaugmbh.de\/#organization\",\"name\":\"SAR GmbH - HOCH UND TIEFBAU\",\"url\":\"https:\/\/sarbaugmbh.de\/\",\"logo\":{\"@type\":\"ImageObject\",\"inLanguage\":\"de\",\"@id\":\"https:\/\/sarbaugmbh.de\/#\/schema\/logo\/image\/\",\"url\":\"https:\/\/sarbaugmbh.de\/wp-content\/uploads\/2021\/07\/cropped-sar-gmbh-logo-1.png\",\"contentUrl\":\"https:\/\/sarbaugmbh.de\/wp-content\/uploads\/2021\/07\/cropped-sar-gmbh-logo-1.png\",\"width\":800,\"height\":304,\"caption\":\"SAR GmbH - HOCH UND TIEFBAU\"},\"image\":{\"@id\":\"https:\/\/sarbaugmbh.de\/#\/schema\/logo\/image\/\"}}]}<\/script>\n<!-- \/ Yoast SEO plugin. -->","yoast_head_json":{"title":"Impressum - SAR Bau GmbH","description":"Gesch\u00e4ftsf\u00fchrer Mehmet Tosun. SAR Bau GmbH - Saarstra\u00dfe 209 - 65199 Wiesbaden","robots":{"index":"index","follow":"follow","max-snippet":"max-snippet:-1","max-image-preview":"max-image-preview:large","max-video-preview":"max-video-preview:-1"},"canonical":"https:\/\/sarbaugmbh.de\/?page_id=68","og_locale":"de_DE","og_type":"article","og_title":"Impressum - SAR Bau GmbH","og_description":"Gesch\u00e4ftsf\u00fchrer Mehmet Tosun. SAR Bau GmbH - Saarstra\u00dfe 209 - 65199 Wiesbaden","og_url":"https:\/\/sarbaugmbh.de\/?page_id=68","og_site_name":"SAR GmbH - HOCH UND TIEFBAU","article_modified_time":"2021-10-20T08:17:52+00:00","twitter_card":"summary_large_image","twitter_misc":{"Gesch\u00e4tzte Lesezeit":"1\u00a0Minute"},"schema":{"@context":"https:\/\/schema.org","@graph":[{"@type":"WebPage","@id":"https:\/\/sarbaugmbh.de\/?page_id=68","url":"https:\/\/sarbaugmbh.de\/?page_id=68","name":"Impressum - SAR Bau GmbH","isPartOf":{"@id":"https:\/\/sarbaugmbh.de\/#website"},"datePublished":"2020-03-25T12:19:00+00:00","dateModified":"2021-10-20T08:17:52+00:00","description":"Gesch\u00e4ftsf\u00fchrer Mehmet Tosun. SAR Bau GmbH - Saarstra\u00dfe 209 - 65199 Wiesbaden","breadcrumb":{"@id":"https:\/\/sarbaugmbh.de\/?page_id=68#breadcrumb"},"inLanguage":"de","potentialAction":[{"@type":"ReadAction","target":["https:\/\/sarbaugmbh.de\/?page_id=68"]}]},{"@type":"BreadcrumbList","@id":"https:\/\/sarbaugmbh.de\/?page_id=68#breadcrumb","itemListElement":[{"@type":"ListItem","position":1,"name":"Startseite","item":"https:\/\/sarbaugmbh.de\/"},{"@type":"ListItem","position":2,"name":"Impressum"}]},{"@type":"WebSite","@id":"https:\/\/sarbaugmbh.de\/#website","url":"https:\/\/sarbaugmbh.de\/","name":"SAR GmbH - HOCH UND TIEFBAU","description":"","publisher":{"@id":"https:\/\/sarbaugmbh.de\/#organization"},"potentialAction":[{"@type":"SearchAction","target":{"@type":"EntryPoint","urlTemplate":"https:\/\/sarbaugmbh.de\/?s={search_term_string}"},"query-input":{"@type":"PropertyValueSpecification","valueRequired":true,"valueName":"search_term_string"}}],"inLanguage":"de"},{"@type":"Organization","@id":"https:\/\/sarbaugmbh.de\/#organization","name":"SAR GmbH - HOCH UND TIEFBAU","url":"https:\/\/sarbaugmbh.de\/","logo":{"@type":"ImageObject","inLanguage":"de","@id":"https:\/\/sarbaugmbh.de\/#\/schema\/logo\/image\/","url":"https:\/\/sarbaugmbh.de\/wp-content\/uploads\/2021\/07\/cropped-sar-gmbh-logo-1.png","contentUrl":"https:\/\/sarbaugmbh.de\/wp-content\/uploads\/2021\/07\/cropped-sar-gmbh-logo-1.png","width":800,"height":304,"caption":"SAR GmbH - HOCH UND TIEFBAU"},"image":{"@id":"https:\/\/sarbaugmbh.de\/#\/schema\/logo\/image\/"}}]}},"_links":{"self":[{"href":"https:\/\/sarbaugmbh.de\/index.php?rest_route=\/wp\/v2\/pages\/68","targetHints":{"allow":["GET"]}}],"collection":[{"href":"https:\/\/sarbaugmbh.de\/index.php?rest_route=\/wp\/v2\/pages"}],"about":[{"href":"https:\/\/sarbaugmbh.de\/index.php?rest_route=\/wp\/v2\/types\/page"}],"author":[{"embeddable":true,"href":"https:\/\/sarbaugmbh.de\/index.php?rest_route=\/wp\/v2\/users\/1"}],"replies":[{"embeddable":true,"href":"https:\/\/sarbaugmbh.de\/index.php?rest_route=%2Fwp%2Fv2%2Fcomments&post=68"}],"version-history":[{"count":9,"href":"https:\/\/sarbaugmbh.de\/index.php?rest_route=\/wp\/v2\/pages\/68\/revisions"}],"predecessor-version":[{"id":228,"href":"https:\/\/sarbaugmbh.de\/index.php?rest_route=\/wp\/v2\/pages\/68\/revisions\/228"}],"wp:attachment":[{"href":"https:\/\/sarbaugmbh.de\/index.php?rest_route=%2Fwp%2Fv2%2Fmedia&parent=68"}],"curies":[{"name":"wp","href":"https:\/\/api.w.org\/{rel}","templated":true}]}}