{"id":8,"date":"2020-03-25T12:09:46","date_gmt":"2020-03-25T12:09:46","guid":{"rendered":"http:\/\/beta.tosun-bau.de\/?page_id=8"},"modified":"2022-10-26T21:09:41","modified_gmt":"2022-10-26T21:09:41","slug":"ueber-uns","status":"publish","type":"page","link":"https:\/\/sarbaugmbh.de\/?page_id=8","title":{"rendered":"\u00dcBER UNS"},"content":{"rendered":"\n<figure class=\"wp-block-image aligncenter size-large\"><img decoding=\"async\" src=\"https:\/\/sarbaugmbh.de\/wp-content\/uploads\/2020\/03\/bau_105.jpg\" alt=\"\"\/><\/figure>\n\n\n\n<h2 class=\"has-text-align-center wp-block-heading\"> Expertise aus langj\u00e4hriger Erfahrung <\/h2>\n\n\n\n<div class=\"wp-block-columns is-layout-flex wp-container-core-columns-is-layout-1 wp-block-columns-is-layout-flex\">\n<div class=\"wp-block-column is-layout-flow wp-block-column-is-layout-flow\">\n<p>Die SAR Bau GmbH ist der Spezialist f\u00fcr deutschlandweite Geb\u00e4udesanierung. Unser Unternehmen mit Sitz in Wiesbaden kombiniert Fachwissen, langj\u00e4hrige Erfahrung und Qualit\u00e4tsbewusstsein als Grundlage zur Umsetzung anspruchsvoller Bauprojekte. Wir verstehen uns als full-service Dienstleister, um unseren Kunden die Sicherheit zu bieten, die Sie f\u00fcr Ihr Projekt erwarten. <\/p>\n<\/div>\n\n\n\n<div class=\"wp-block-column is-layout-flow wp-block-column-is-layout-flow\">\n<p> Ob Fassadensanierung, kompletter Umbau, Innenausbau oder Altbausanierung, wir stehen Ihnen als zuverl\u00e4ssiger Partner zur Seite. Unser bundesweites Fachkr\u00e4fte-Netzwerk erlaubt uns komplette Sanierungsprojekte zu begleiten und ein H\u00f6chstma\u00df an Qualit\u00e4t zu garantieren. <\/p>\n<\/div>\n<\/div>\n\n\n\n<p><\/p>\n","protected":false},"excerpt":{"rendered":"<p>Expertise aus langj\u00e4hriger Erfahrung Die SAR Bau GmbH ist der Spezialist f\u00fcr deutschlandweite Geb\u00e4udesanierung. Unser Unternehmen mit Sitz in Wiesbaden kombiniert Fachwissen, langj\u00e4hrige Erfahrung und Qualit\u00e4tsbewusstsein als Grundlage zur Umsetzung anspruchsvoller Bauprojekte. Wir verstehen uns als full-service Dienstleister, um unseren Kunden die Sicherheit zu bieten, die Sie f\u00fcr Ihr Projekt erwarten. Ob Fassadensanierung, kompletter Umbau, [&hellip;]<\/p>\n","protected":false},"author":1,"featured_media":0,"parent":0,"menu_order":0,"comment_status":"closed","ping_status":"closed","template":"","meta":{"footnotes":""},"class_list":["post-8","page","type-page","status-publish","hentry","wpbf-post"],"yoast_head":"<!-- This site is optimized with the Yoast SEO plugin v26.8 - https:\/\/yoast.com\/product\/yoast-seo-wordpress\/ -->\n<title>\u00dcber Uns - SAR GmbH - HOCH UND TIEFBAU<\/title>\n<meta name=\"description\" content=\"Ob Fassadensanierung, kompletter Umbau, Innenausbau oder Altbausanierung, wir stehen Ihnen als zuverl\u00e4ssiger Partner zur Seite. Unser bundesweites Fachkr\u00e4fte-Netzwerk erlaubt uns komplette Sanierungsprojekte zu begleiten und ein H\u00f6chstma\u00df an Qualit\u00e4t zu garantieren.\" \/>\n<meta name=\"robots\" content=\"index, follow, max-snippet:-1, max-image-preview:large, max-video-preview:-1\" \/>\n<link rel=\"canonical\" href=\"https:\/\/sarbaugmbh.de\/?page_id=8\" \/>\n<meta property=\"og:locale\" content=\"de_DE\" \/>\n<meta property=\"og:type\" content=\"article\" \/>\n<meta property=\"og:title\" content=\"\u00dcber Uns - SAR GmbH - HOCH UND TIEFBAU\" \/>\n<meta property=\"og:description\" content=\"Ob Fassadensanierung, kompletter Umbau, Innenausbau oder Altbausanierung, wir stehen Ihnen als zuverl\u00e4ssiger Partner zur Seite. Unser bundesweites Fachkr\u00e4fte-Netzwerk erlaubt uns komplette Sanierungsprojekte zu begleiten und ein H\u00f6chstma\u00df an Qualit\u00e4t zu garantieren.\" \/>\n<meta property=\"og:url\" content=\"https:\/\/sarbaugmbh.de\/?page_id=8\" \/>\n<meta property=\"og:site_name\" content=\"SAR GmbH - HOCH UND TIEFBAU\" \/>\n<meta property=\"article:modified_time\" content=\"2022-10-26T21:09:41+00:00\" \/>\n<meta property=\"og:image\" content=\"https:\/\/sarbaugmbh.de\/wp-content\/uploads\/2020\/03\/bau_105.jpg\" \/>\n<meta name=\"twitter:card\" content=\"summary_large_image\" \/>\n<meta name=\"twitter:label1\" content=\"Gesch\u00e4tzte Lesezeit\" \/>\n\t<meta name=\"twitter:data1\" content=\"1\u00a0Minute\" \/>\n<script type=\"application\/ld+json\" class=\"yoast-schema-graph\">{\"@context\":\"https:\/\/schema.org\",\"@graph\":[{\"@type\":\"WebPage\",\"@id\":\"https:\/\/sarbaugmbh.de\/?page_id=8\",\"url\":\"https:\/\/sarbaugmbh.de\/?page_id=8\",\"name\":\"\u00dcber Uns - SAR GmbH - HOCH UND TIEFBAU\",\"isPartOf\":{\"@id\":\"https:\/\/sarbaugmbh.de\/#website\"},\"primaryImageOfPage\":{\"@id\":\"https:\/\/sarbaugmbh.de\/?page_id=8#primaryimage\"},\"image\":{\"@id\":\"https:\/\/sarbaugmbh.de\/?page_id=8#primaryimage\"},\"thumbnailUrl\":\"https:\/\/sarbaugmbh.de\/wp-content\/uploads\/2020\/03\/bau_105.jpg\",\"datePublished\":\"2020-03-25T12:09:46+00:00\",\"dateModified\":\"2022-10-26T21:09:41+00:00\",\"description\":\"Ob Fassadensanierung, kompletter Umbau, Innenausbau oder Altbausanierung, wir stehen Ihnen als zuverl\u00e4ssiger Partner zur Seite. Unser bundesweites Fachkr\u00e4fte-Netzwerk erlaubt uns komplette Sanierungsprojekte zu begleiten und ein H\u00f6chstma\u00df an Qualit\u00e4t zu garantieren.\",\"breadcrumb\":{\"@id\":\"https:\/\/sarbaugmbh.de\/?page_id=8#breadcrumb\"},\"inLanguage\":\"de\",\"potentialAction\":[{\"@type\":\"ReadAction\",\"target\":[\"https:\/\/sarbaugmbh.de\/?page_id=8\"]}]},{\"@type\":\"ImageObject\",\"inLanguage\":\"de\",\"@id\":\"https:\/\/sarbaugmbh.de\/?page_id=8#primaryimage\",\"url\":\"https:\/\/sarbaugmbh.de\/wp-content\/uploads\/2020\/03\/bau_105.jpg\",\"contentUrl\":\"https:\/\/sarbaugmbh.de\/wp-content\/uploads\/2020\/03\/bau_105.jpg\",\"width\":440,\"height\":295},{\"@type\":\"BreadcrumbList\",\"@id\":\"https:\/\/sarbaugmbh.de\/?page_id=8#breadcrumb\",\"itemListElement\":[{\"@type\":\"ListItem\",\"position\":1,\"name\":\"Startseite\",\"item\":\"https:\/\/sarbaugmbh.de\/\"},{\"@type\":\"ListItem\",\"position\":2,\"name\":\"\u00dcBER UNS\"}]},{\"@type\":\"WebSite\",\"@id\":\"https:\/\/sarbaugmbh.de\/#website\",\"url\":\"https:\/\/sarbaugmbh.de\/\",\"name\":\"SAR GmbH - HOCH UND TIEFBAU\",\"description\":\"\",\"publisher\":{\"@id\":\"https:\/\/sarbaugmbh.de\/#organization\"},\"potentialAction\":[{\"@type\":\"SearchAction\",\"target\":{\"@type\":\"EntryPoint\",\"urlTemplate\":\"https:\/\/sarbaugmbh.de\/?s={search_term_string}\"},\"query-input\":{\"@type\":\"PropertyValueSpecification\",\"valueRequired\":true,\"valueName\":\"search_term_string\"}}],\"inLanguage\":\"de\"},{\"@type\":\"Organization\",\"@id\":\"https:\/\/sarbaugmbh.de\/#organization\",\"name\":\"SAR GmbH - HOCH UND TIEFBAU\",\"url\":\"https:\/\/sarbaugmbh.de\/\",\"logo\":{\"@type\":\"ImageObject\",\"inLanguage\":\"de\",\"@id\":\"https:\/\/sarbaugmbh.de\/#\/schema\/logo\/image\/\",\"url\":\"https:\/\/sarbaugmbh.de\/wp-content\/uploads\/2021\/07\/cropped-sar-gmbh-logo-1.png\",\"contentUrl\":\"https:\/\/sarbaugmbh.de\/wp-content\/uploads\/2021\/07\/cropped-sar-gmbh-logo-1.png\",\"width\":800,\"height\":304,\"caption\":\"SAR GmbH - HOCH UND TIEFBAU\"},\"image\":{\"@id\":\"https:\/\/sarbaugmbh.de\/#\/schema\/logo\/image\/\"}}]}<\/script>\n<!-- \/ Yoast SEO plugin. -->","yoast_head_json":{"title":"\u00dcber Uns - SAR GmbH - HOCH UND TIEFBAU","description":"Ob Fassadensanierung, kompletter Umbau, Innenausbau oder Altbausanierung, wir stehen Ihnen als zuverl\u00e4ssiger Partner zur Seite. Unser bundesweites Fachkr\u00e4fte-Netzwerk erlaubt uns komplette Sanierungsprojekte zu begleiten und ein H\u00f6chstma\u00df an Qualit\u00e4t zu garantieren.","robots":{"index":"index","follow":"follow","max-snippet":"max-snippet:-1","max-image-preview":"max-image-preview:large","max-video-preview":"max-video-preview:-1"},"canonical":"https:\/\/sarbaugmbh.de\/?page_id=8","og_locale":"de_DE","og_type":"article","og_title":"\u00dcber Uns - SAR GmbH - HOCH UND TIEFBAU","og_description":"Ob Fassadensanierung, kompletter Umbau, Innenausbau oder Altbausanierung, wir stehen Ihnen als zuverl\u00e4ssiger Partner zur Seite. Unser bundesweites Fachkr\u00e4fte-Netzwerk erlaubt uns komplette Sanierungsprojekte zu begleiten und ein H\u00f6chstma\u00df an Qualit\u00e4t zu garantieren.","og_url":"https:\/\/sarbaugmbh.de\/?page_id=8","og_site_name":"SAR GmbH - HOCH UND TIEFBAU","article_modified_time":"2022-10-26T21:09:41+00:00","og_image":[{"url":"https:\/\/sarbaugmbh.de\/wp-content\/uploads\/2020\/03\/bau_105.jpg","type":"","width":"","height":""}],"twitter_card":"summary_large_image","twitter_misc":{"Gesch\u00e4tzte Lesezeit":"1\u00a0Minute"},"schema":{"@context":"https:\/\/schema.org","@graph":[{"@type":"WebPage","@id":"https:\/\/sarbaugmbh.de\/?page_id=8","url":"https:\/\/sarbaugmbh.de\/?page_id=8","name":"\u00dcber Uns - SAR GmbH - HOCH UND TIEFBAU","isPartOf":{"@id":"https:\/\/sarbaugmbh.de\/#website"},"primaryImageOfPage":{"@id":"https:\/\/sarbaugmbh.de\/?page_id=8#primaryimage"},"image":{"@id":"https:\/\/sarbaugmbh.de\/?page_id=8#primaryimage"},"thumbnailUrl":"https:\/\/sarbaugmbh.de\/wp-content\/uploads\/2020\/03\/bau_105.jpg","datePublished":"2020-03-25T12:09:46+00:00","dateModified":"2022-10-26T21:09:41+00:00","description":"Ob Fassadensanierung, kompletter Umbau, Innenausbau oder Altbausanierung, wir stehen Ihnen als zuverl\u00e4ssiger Partner zur Seite. Unser bundesweites Fachkr\u00e4fte-Netzwerk erlaubt uns komplette Sanierungsprojekte zu begleiten und ein H\u00f6chstma\u00df an Qualit\u00e4t zu garantieren.","breadcrumb":{"@id":"https:\/\/sarbaugmbh.de\/?page_id=8#breadcrumb"},"inLanguage":"de","potentialAction":[{"@type":"ReadAction","target":["https:\/\/sarbaugmbh.de\/?page_id=8"]}]},{"@type":"ImageObject","inLanguage":"de","@id":"https:\/\/sarbaugmbh.de\/?page_id=8#primaryimage","url":"https:\/\/sarbaugmbh.de\/wp-content\/uploads\/2020\/03\/bau_105.jpg","contentUrl":"https:\/\/sarbaugmbh.de\/wp-content\/uploads\/2020\/03\/bau_105.jpg","width":440,"height":295},{"@type":"BreadcrumbList","@id":"https:\/\/sarbaugmbh.de\/?page_id=8#breadcrumb","itemListElement":[{"@type":"ListItem","position":1,"name":"Startseite","item":"https:\/\/sarbaugmbh.de\/"},{"@type":"ListItem","position":2,"name":"\u00dcBER UNS"}]},{"@type":"WebSite","@id":"https:\/\/sarbaugmbh.de\/#website","url":"https:\/\/sarbaugmbh.de\/","name":"SAR GmbH - HOCH UND TIEFBAU","description":"","publisher":{"@id":"https:\/\/sarbaugmbh.de\/#organization"},"potentialAction":[{"@type":"SearchAction","target":{"@type":"EntryPoint","urlTemplate":"https:\/\/sarbaugmbh.de\/?s={search_term_string}"},"query-input":{"@type":"PropertyValueSpecification","valueRequired":true,"valueName":"search_term_string"}}],"inLanguage":"de"},{"@type":"Organization","@id":"https:\/\/sarbaugmbh.de\/#organization","name":"SAR GmbH - HOCH UND TIEFBAU","url":"https:\/\/sarbaugmbh.de\/","logo":{"@type":"ImageObject","inLanguage":"de","@id":"https:\/\/sarbaugmbh.de\/#\/schema\/logo\/image\/","url":"https:\/\/sarbaugmbh.de\/wp-content\/uploads\/2021\/07\/cropped-sar-gmbh-logo-1.png","contentUrl":"https:\/\/sarbaugmbh.de\/wp-content\/uploads\/2021\/07\/cropped-sar-gmbh-logo-1.png","width":800,"height":304,"caption":"SAR GmbH - HOCH UND TIEFBAU"},"image":{"@id":"https:\/\/sarbaugmbh.de\/#\/schema\/logo\/image\/"}}]}},"_links":{"self":[{"href":"https:\/\/sarbaugmbh.de\/index.php?rest_route=\/wp\/v2\/pages\/8","targetHints":{"allow":["GET"]}}],"collection":[{"href":"https:\/\/sarbaugmbh.de\/index.php?rest_route=\/wp\/v2\/pages"}],"about":[{"href":"https:\/\/sarbaugmbh.de\/index.php?rest_route=\/wp\/v2\/types\/page"}],"author":[{"embeddable":true,"href":"https:\/\/sarbaugmbh.de\/index.php?rest_route=\/wp\/v2\/users\/1"}],"replies":[{"embeddable":true,"href":"https:\/\/sarbaugmbh.de\/index.php?rest_route=%2Fwp%2Fv2%2Fcomments&post=8"}],"version-history":[{"count":9,"href":"https:\/\/sarbaugmbh.de\/index.php?rest_route=\/wp\/v2\/pages\/8\/revisions"}],"predecessor-version":[{"id":240,"href":"https:\/\/sarbaugmbh.de\/index.php?rest_route=\/wp\/v2\/pages\/8\/revisions\/240"}],"wp:attachment":[{"href":"https:\/\/sarbaugmbh.de\/index.php?rest_route=%2Fwp%2Fv2%2Fmedia&parent=8"}],"curies":[{"name":"wp","href":"https:\/\/api.w.org\/{rel}","templated":true}]}}